{"id":2814,"date":"2024-11-01T19:57:58","date_gmt":"2024-11-02T00:57:58","guid":{"rendered":"https:\/\/dancemosjuntos.org\/Home\/?page_id=2814"},"modified":"2025-11-14T15:37:36","modified_gmt":"2025-11-14T20:37:36","slug":"idartes-encuentro-nacional-en-bogota-2024","status":"publish","type":"page","link":"https:\/\/dancemosjuntos.org\/Home\/idartes-encuentro-nacional-en-bogota-2024\/","title":{"rendered":"Idartes &#8211; Encuentro Nacional en Bogota &#8211; 2024"},"content":{"rendered":"\t\t<div data-elementor-type=\"wp-page\" data-elementor-id=\"2814\" class=\"elementor elementor-2814\" data-elementor-post-type=\"page\">\n\t\t\t\t\t\t<section class=\"elementor-section elementor-top-section elementor-element elementor-element-cd57c68 elementor-section-boxed elementor-section-height-default elementor-section-height-default wpr-particle-no wpr-jarallax-no wpr-parallax-no wpr-sticky-section-no wpr-equal-height-no\" data-id=\"cd57c68\" data-element_type=\"section\" data-e-type=\"section\">\n\t\t\t\t\t\t<div class=\"elementor-container elementor-column-gap-default\">\n\t\t\t\t\t<div class=\"elementor-column elementor-col-100 elementor-top-column elementor-element elementor-element-0cad1cb\" data-id=\"0cad1cb\" data-element_type=\"column\" data-e-type=\"column\">\n\t\t\t<div class=\"elementor-widget-wrap elementor-element-populated\">\n\t\t\t\t\t\t<div class=\"elementor-element elementor-element-de67bba elementor-widget elementor-widget-image\" data-id=\"de67bba\" data-element_type=\"widget\" data-e-type=\"widget\" data-widget_type=\"image.default\">\n\t\t\t\t<div class=\"elementor-widget-container\">\n\t\t\t\t\t\t\t\t\t\t\t\t\t\t\t<img fetchpriority=\"high\" decoding=\"async\" width=\"576\" height=\"1024\" src=\"https:\/\/dancemosjuntos.org\/Home\/wp-content\/uploads\/2024\/11\/encuetro-nacional-apbc-576x1024.jpeg\" class=\"attachment-large size-large wp-image-2816\" alt=\"\" srcset=\"https:\/\/dancemosjuntos.org\/Home\/wp-content\/uploads\/2024\/11\/encuetro-nacional-apbc-576x1024.jpeg 576w, https:\/\/dancemosjuntos.org\/Home\/wp-content\/uploads\/2024\/11\/encuetro-nacional-apbc-169x300.jpeg 169w, https:\/\/dancemosjuntos.org\/Home\/wp-content\/uploads\/2024\/11\/encuetro-nacional-apbc-768x1365.jpeg 768w, https:\/\/dancemosjuntos.org\/Home\/wp-content\/uploads\/2024\/11\/encuetro-nacional-apbc-864x1536.jpeg 864w, https:\/\/dancemosjuntos.org\/Home\/wp-content\/uploads\/2024\/11\/encuetro-nacional-apbc.jpeg 900w\" sizes=\"(max-width: 576px) 100vw, 576px\" \/>\t\t\t\t\t\t\t\t\t\t\t\t\t\t\t<\/div>\n\t\t\t\t<\/div>\n\t\t\t\t<div class=\"elementor-element elementor-element-b5ca78e elementor-widget elementor-widget-text-editor\" data-id=\"b5ca78e\" data-element_type=\"widget\" data-e-type=\"widget\" data-widget_type=\"text-editor.default\">\n\t\t\t\t<div class=\"elementor-widget-container\">\n\t\t\t\t\t\t\t\t\t<div class=\"forminator-ui forminator-custom-form forminator-custom-form-2813 forminator-design--default  forminator_ajax\" data-forminator-render=\"0\" data-form=\"forminator-module-2813\" data-uid=\"69f284fded7c9\"><br\/><\/div><form\n\t\t\t\tid=\"forminator-module-2813\"\n\t\t\t\tclass=\"forminator-ui forminator-custom-form forminator-custom-form-2813 forminator-design--default  forminator_ajax\"\n\t\t\t\tmethod=\"post\"\n\t\t\t\tdata-forminator-render=\"0\"\n\t\t\t\tdata-form-id=\"2813\"\n\t\t\t\t data-color-option=\"default\" data-design=\"default\" data-grid=\"open\" style=\"display: none;\"\n\t\t\t\tdata-uid=\"69f284fded7c9\"\n\t\t\t><div role=\"alert\" aria-live=\"polite\" class=\"forminator-response-message forminator-error\" aria-hidden=\"true\"><\/div><div class=\"forminator-row\"><div id=\"name-1\" class=\"forminator-field-name forminator-col forminator-col-12 \"><div class=\"forminator-field\"><label for=\"forminator-field-name-1_69f284fded7c9\" id=\"forminator-field-name-1_69f284fded7c9-label\" class=\"forminator-label\">Nombre <span class=\"forminator-required\">*<\/span><\/label><input type=\"text\" name=\"name-1\" value=\"\" placeholder=\"Nombre\" id=\"forminator-field-name-1_69f284fded7c9\" class=\"forminator-input forminator-name--field\" aria-required=\"true\" autocomplete=\"name\" \/><\/div><\/div><\/div><div class=\"forminator-row\"><div id=\"name-2\" class=\"forminator-field-name forminator-col forminator-col-12 \"><div class=\"forminator-field\"><label for=\"forminator-field-name-2_69f284fded7c9\" id=\"forminator-field-name-2_69f284fded7c9-label\" class=\"forminator-label\">Numero de cedula (requerido para ingresar al lugar) <span class=\"forminator-required\">*<\/span><\/label><input type=\"text\" name=\"name-2\" value=\"\" placeholder=\"Cedula\" id=\"forminator-field-name-2_69f284fded7c9\" class=\"forminator-input forminator-name--field\" aria-required=\"true\" autocomplete=\"name\" \/><\/div><\/div><\/div><div class=\"forminator-row\"><div id=\"email-1\" class=\"forminator-field-email forminator-col forminator-col-12 \"><div class=\"forminator-field\"><label for=\"forminator-field-email-1_69f284fded7c9\" id=\"forminator-field-email-1_69f284fded7c9-label\" class=\"forminator-label\">Direcci\u00f3n de correo electr\u00f3nico <span class=\"forminator-required\">*<\/span><\/label><input type=\"email\" name=\"email-1\" value=\"\" placeholder=\"Ej . : john@doe.com\" id=\"forminator-field-email-1_69f284fded7c9\" class=\"forminator-input forminator-email--field\" data-required=\"1\" aria-required=\"true\" autocomplete=\"email\" \/><\/div><\/div><\/div><div class=\"forminator-row\"><div id=\"phone-1\" class=\"forminator-field-phone forminator-col forminator-col-12 \"><div class=\"forminator-field\"><label for=\"forminator-field-phone-1_69f284fded7c9\" id=\"forminator-field-phone-1_69f284fded7c9-label\" class=\"forminator-label\">Tel\u00e9fono <span class=\"forminator-required\">*<\/span><\/label><input type=\"text\" name=\"phone-1\" value=\"\" placeholder=\"Ejemplo: +1 300 400 5000\" id=\"forminator-field-phone-1_69f284fded7c9\" class=\"forminator-input forminator-field--phone\" data-required=\"1\" aria-required=\"true\" autocomplete=\"off\" \/><\/div><\/div><\/div><div class=\"forminator-row\"><div id=\"radio-1\" class=\"forminator-field-radio forminator-col forminator-col-12 \"><div role=\"radiogroup\" class=\"forminator-field\" aria-labelledby=\"forminator-radiogroup-radio-1-69f284fded7c9-label\"><span id=\"forminator-radiogroup-radio-1-69f284fded7c9-label\" class=\"forminator-label\">Afiliado a la APBC Red Dancemos Juntos <span class=\"forminator-required\">*<\/span><\/span><label id=\"forminator-field-radio-1-label-1\" for=\"forminator-field-radio-1-1-69f284fded7c9\" class=\"forminator-radio\" title=\"Si\"><input type=\"radio\" name=\"radio-1\" value=\"one\" id=\"forminator-field-radio-1-1-69f284fded7c9\" aria-labelledby=\"forminator-field-radio-1-label-1\" data-calculation=\"0\"   data-hidden-behavior=\"zero\"\/><span class=\"forminator-radio-bullet\" aria-hidden=\"true\"><\/span><span class=\"forminator-radio-label\">Si<\/span><\/label><label id=\"forminator-field-radio-1-label-2\" for=\"forminator-field-radio-1-2-69f284fded7c9\" class=\"forminator-radio\" title=\"No\"><input type=\"radio\" name=\"radio-1\" value=\"two\" id=\"forminator-field-radio-1-2-69f284fded7c9\" aria-labelledby=\"forminator-field-radio-1-label-2\" data-calculation=\"0\"   data-hidden-behavior=\"zero\"\/><span class=\"forminator-radio-bullet\" aria-hidden=\"true\"><\/span><span class=\"forminator-radio-label\">No<\/span><\/label><\/div><\/div><\/div><div class=\"forminator-row\"><div id=\"radio-2\" class=\"forminator-field-radio forminator-col forminator-col-12 \"><div role=\"radiogroup\" class=\"forminator-field\" aria-labelledby=\"forminator-radiogroup-radio-2-69f284fded7c9-label\"><span id=\"forminator-radiogroup-radio-2-69f284fded7c9-label\" class=\"forminator-label\">Eres facilitador de Biodanza o Practicante\/Estudiante? <span class=\"forminator-required\">*<\/span><\/span><label id=\"forminator-field-radio-2-label-1\" for=\"forminator-field-radio-2-1-69f284fded7c9\" class=\"forminator-radio\" title=\"Facilitador\"><input type=\"radio\" name=\"radio-2\" value=\"one\" id=\"forminator-field-radio-2-1-69f284fded7c9\" aria-labelledby=\"forminator-field-radio-2-label-1\" data-calculation=\"0\"   data-hidden-behavior=\"zero\"\/><span class=\"forminator-radio-bullet\" aria-hidden=\"true\"><\/span><span class=\"forminator-radio-label\">Facilitador<\/span><\/label><label id=\"forminator-field-radio-2-label-2\" for=\"forminator-field-radio-2-2-69f284fded7c9\" class=\"forminator-radio\" title=\"Practicante\/Estudiante\"><input type=\"radio\" name=\"radio-2\" value=\"two\" id=\"forminator-field-radio-2-2-69f284fded7c9\" aria-labelledby=\"forminator-field-radio-2-label-2\" data-calculation=\"0\"   data-hidden-behavior=\"zero\"\/><span class=\"forminator-radio-bullet\" aria-hidden=\"true\"><\/span><span class=\"forminator-radio-label\">Practicante\/Estudiante<\/span><\/label><\/div><\/div><\/div><div class=\"forminator-row\"><div id=\"text-2\" class=\"forminator-field-text forminator-col forminator-col-12 \"><div class=\"forminator-field\"><label for=\"forminator-field-text-2_69f284fded7c9\" id=\"forminator-field-text-2_69f284fded7c9-label\" class=\"forminator-label\">Tienes alguna pregunta o comentario previo a la sesi\u00f3n?<\/label><input type=\"text\" name=\"text-2\" value=\"\" placeholder=\"Pregunta o comentario\" id=\"forminator-field-text-2_69f284fded7c9\" class=\"forminator-input forminator-name--field\" data-required=\"\" \/><\/div><\/div><\/div><div class=\"forminator-row\"><div id=\"checkbox-1\" class=\"forminator-field-checkbox forminator-col forminator-col-12 \"><div role=\"group\" class=\"forminator-field required\" aria-labelledby=\"forminator-checkbox-group-forminator-field-checkbox-1-69f284fded7c9-label\"><span id=\"forminator-checkbox-group-forminator-field-checkbox-1-69f284fded7c9-label\" class=\"forminator-label\">Autorizo el tratamiento de mis datos personales de acuerdo a la Pol\u00edtica de protecci\u00f3n de datos y T\u00e9rminos de uso de las plataformas de la APBC <span class=\"forminator-required\">*<\/span><\/span><label id=\"forminator-field-checkbox-1-1-69f284fded7c9-label\" for=\"forminator-field-checkbox-1-1-69f284fded7c9\" class=\"forminator-checkbox\" title=\"Si\"><input type=\"checkbox\" name=\"checkbox-1[]\" value=\"one\" id=\"forminator-field-checkbox-1-1-69f284fded7c9\" aria-labelledby=\"forminator-field-checkbox-1-1-69f284fded7c9-label\" data-calculation=\"0\"   data-hidden-behavior=\"zero\"\/><span class=\"forminator-checkbox-box\" aria-hidden=\"true\"><\/span><span class=\"forminator-checkbox-label\">Si<\/span><\/label><\/div><\/div><\/div><input type=\"hidden\" name=\"referer_url\" value=\"\" \/><div class=\"forminator-row forminator-row-last\"><div class=\"forminator-col\"><div class=\"forminator-field\"><button class=\"forminator-button forminator-button-submit\">Enviar inscripci&oacute;n<\/button><\/div><\/div><\/div><input type=\"hidden\" id=\"forminator_nonce\" name=\"forminator_nonce\" value=\"24e5cb648b\" \/><input type=\"hidden\" name=\"_wp_http_referer\" value=\"\/Home\/wp-json\/wp\/v2\/pages\/2814\" \/><input type=\"hidden\" name=\"form_id\" value=\"2813\"><input type=\"hidden\" name=\"page_id\" value=\"2814\"><input type=\"hidden\" name=\"form_type\" value=\"default\"><input type=\"hidden\" name=\"current_url\" value=\"https:\/\/dancemosjuntos.org\/Home\/idartes-encuentro-nacional-en-bogota-2024\/\"><input type=\"hidden\" name=\"render_id\" value=\"0\"><input type=\"hidden\" name=\"action\" value=\"forminator_submit_form_custom-forms\"><\/form>\t\t\t\t\t\t\t\t<\/div>\n\t\t\t\t<\/div>\n\t\t\t\t\t<\/div>\n\t\t<\/div>\n\t\t\t\t\t<\/div>\n\t\t<\/section>\n\t\t\t\t<\/div>\n\t\t","protected":false},"excerpt":{"rendered":"","protected":false},"author":1,"featured_media":0,"parent":0,"menu_order":0,"comment_status":"closed","ping_status":"closed","template":"","meta":{"site-sidebar-layout":"default","site-content-layout":"","ast-site-content-layout":"default","site-content-style":"default","site-sidebar-style":"default","ast-global-header-display":"","ast-banner-title-visibility":"","ast-main-header-display":"","ast-hfb-above-header-display":"","ast-hfb-below-header-display":"","ast-hfb-mobile-header-display":"","site-post-title":"","ast-breadcrumbs-content":"","ast-featured-img":"","footer-sml-layout":"","ast-disable-related-posts":"","theme-transparent-header-meta":"","adv-header-id-meta":"","stick-header-meta":"","header-above-stick-meta":"","header-main-stick-meta":"","header-below-stick-meta":"","astra-migrate-meta-layouts":"default","ast-page-background-enabled":"default","ast-page-background-meta":{"desktop":{"background-color":"var(--ast-global-color-4)","background-image":"","background-repeat":"repeat","background-position":"center center","background-size":"auto","background-attachment":"scroll","background-type":"","background-media":"","overlay-type":"","overlay-color":"","overlay-opacity":"","overlay-gradient":""},"tablet":{"background-color":"","background-image":"","background-repeat":"repeat","background-position":"center center","background-size":"auto","background-attachment":"scroll","background-type":"","background-media":"","overlay-type":"","overlay-color":"","overlay-opacity":"","overlay-gradient":""},"mobile":{"background-color":"","background-image":"","background-repeat":"repeat","background-position":"center center","background-size":"auto","background-attachment":"scroll","background-type":"","background-media":"","overlay-type":"","overlay-color":"","overlay-opacity":"","overlay-gradient":""}},"ast-content-background-meta":{"desktop":{"background-color":"var(--ast-global-color-5)","background-image":"","background-repeat":"repeat","background-position":"center center","background-size":"auto","background-attachment":"scroll","background-type":"","background-media":"","overlay-type":"","overlay-color":"","overlay-opacity":"","overlay-gradient":""},"tablet":{"background-color":"var(--ast-global-color-5)","background-image":"","background-repeat":"repeat","background-position":"center center","background-size":"auto","background-attachment":"scroll","background-type":"","background-media":"","overlay-type":"","overlay-color":"","overlay-opacity":"","overlay-gradient":""},"mobile":{"background-color":"var(--ast-global-color-5)","background-image":"","background-repeat":"repeat","background-position":"center center","background-size":"auto","background-attachment":"scroll","background-type":"","background-media":"","overlay-type":"","overlay-color":"","overlay-opacity":"","overlay-gradient":""}},"footnotes":""},"class_list":["post-2814","page","type-page","status-publish","hentry"],"yoast_head":"<!-- This site is optimized with the Yoast SEO plugin v27.4 - https:\/\/yoast.com\/product\/yoast-seo-wordpress\/ -->\n<title>Idartes - Encuentro Nacional en Bogota - 2024 - APBC Red Dancemos Juntos<\/title>\n<meta name=\"robots\" content=\"index, follow, max-snippet:-1, max-image-preview:large, max-video-preview:-1\" \/>\n<link rel=\"canonical\" href=\"https:\/\/dancemosjuntos.org\/Home\/idartes-encuentro-nacional-en-bogota-2024\/\" \/>\n<meta property=\"og:locale\" content=\"es_ES\" \/>\n<meta property=\"og:type\" content=\"article\" \/>\n<meta property=\"og:title\" content=\"Idartes - Encuentro Nacional en Bogota - 2024 - APBC Red Dancemos Juntos\" \/>\n<meta property=\"og:url\" content=\"https:\/\/dancemosjuntos.org\/Home\/idartes-encuentro-nacional-en-bogota-2024\/\" \/>\n<meta property=\"og:site_name\" content=\"APBC Red Dancemos Juntos\" \/>\n<meta property=\"article:publisher\" content=\"https:\/\/www.facebook.com\/APBC.RedDancemosJuntos\/\" \/>\n<meta property=\"article:modified_time\" content=\"2025-11-14T20:37:36+00:00\" \/>\n<meta property=\"og:image\" content=\"https:\/\/dancemosjuntos.org\/Home\/wp-content\/uploads\/2024\/11\/encuetro-nacional-apbc-576x1024.jpeg\" \/>\n<meta name=\"twitter:card\" content=\"summary_large_image\" \/>\n<script type=\"application\/ld+json\" class=\"yoast-schema-graph\">{\"@context\":\"https:\\\/\\\/schema.org\",\"@graph\":[{\"@type\":\"WebPage\",\"@id\":\"https:\\\/\\\/dancemosjuntos.org\\\/Home\\\/idartes-encuentro-nacional-en-bogota-2024\\\/\",\"url\":\"https:\\\/\\\/dancemosjuntos.org\\\/Home\\\/idartes-encuentro-nacional-en-bogota-2024\\\/\",\"name\":\"Idartes - Encuentro Nacional en Bogota - 2024 - APBC Red Dancemos Juntos\",\"isPartOf\":{\"@id\":\"https:\\\/\\\/dancemosjuntos.org\\\/Home\\\/#website\"},\"primaryImageOfPage\":{\"@id\":\"https:\\\/\\\/dancemosjuntos.org\\\/Home\\\/idartes-encuentro-nacional-en-bogota-2024\\\/#primaryimage\"},\"image\":{\"@id\":\"https:\\\/\\\/dancemosjuntos.org\\\/Home\\\/idartes-encuentro-nacional-en-bogota-2024\\\/#primaryimage\"},\"thumbnailUrl\":\"https:\\\/\\\/dancemosjuntos.org\\\/Home\\\/wp-content\\\/uploads\\\/2024\\\/11\\\/encuetro-nacional-apbc-576x1024.jpeg\",\"datePublished\":\"2024-11-02T00:57:58+00:00\",\"dateModified\":\"2025-11-14T20:37:36+00:00\",\"breadcrumb\":{\"@id\":\"https:\\\/\\\/dancemosjuntos.org\\\/Home\\\/idartes-encuentro-nacional-en-bogota-2024\\\/#breadcrumb\"},\"inLanguage\":\"es\",\"potentialAction\":[{\"@type\":\"ReadAction\",\"target\":[\"https:\\\/\\\/dancemosjuntos.org\\\/Home\\\/idartes-encuentro-nacional-en-bogota-2024\\\/\"]}]},{\"@type\":\"ImageObject\",\"inLanguage\":\"es\",\"@id\":\"https:\\\/\\\/dancemosjuntos.org\\\/Home\\\/idartes-encuentro-nacional-en-bogota-2024\\\/#primaryimage\",\"url\":\"https:\\\/\\\/dancemosjuntos.org\\\/Home\\\/wp-content\\\/uploads\\\/2024\\\/11\\\/encuetro-nacional-apbc.jpeg\",\"contentUrl\":\"https:\\\/\\\/dancemosjuntos.org\\\/Home\\\/wp-content\\\/uploads\\\/2024\\\/11\\\/encuetro-nacional-apbc.jpeg\",\"width\":900,\"height\":1600},{\"@type\":\"BreadcrumbList\",\"@id\":\"https:\\\/\\\/dancemosjuntos.org\\\/Home\\\/idartes-encuentro-nacional-en-bogota-2024\\\/#breadcrumb\",\"itemListElement\":[{\"@type\":\"ListItem\",\"position\":1,\"name\":\"Portada\",\"item\":\"https:\\\/\\\/dancemosjuntos.org\\\/Home\\\/\"},{\"@type\":\"ListItem\",\"position\":2,\"name\":\"Idartes &#8211; Encuentro Nacional en Bogota &#8211; 2024\"}]},{\"@type\":\"WebSite\",\"@id\":\"https:\\\/\\\/dancemosjuntos.org\\\/Home\\\/#website\",\"url\":\"https:\\\/\\\/dancemosjuntos.org\\\/Home\\\/\",\"name\":\"APBC Red Dancemos Juntos\",\"description\":\"APBC\",\"publisher\":{\"@id\":\"https:\\\/\\\/dancemosjuntos.org\\\/Home\\\/#organization\"},\"potentialAction\":[{\"@type\":\"SearchAction\",\"target\":{\"@type\":\"EntryPoint\",\"urlTemplate\":\"https:\\\/\\\/dancemosjuntos.org\\\/Home\\\/?s={search_term_string}\"},\"query-input\":{\"@type\":\"PropertyValueSpecification\",\"valueRequired\":true,\"valueName\":\"search_term_string\"}}],\"inLanguage\":\"es\"},{\"@type\":\"Organization\",\"@id\":\"https:\\\/\\\/dancemosjuntos.org\\\/Home\\\/#organization\",\"name\":\"APBC Red Dancemos Juntos\",\"url\":\"https:\\\/\\\/dancemosjuntos.org\\\/Home\\\/\",\"logo\":{\"@type\":\"ImageObject\",\"inLanguage\":\"es\",\"@id\":\"https:\\\/\\\/dancemosjuntos.org\\\/Home\\\/#\\\/schema\\\/logo\\\/image\\\/\",\"url\":\"https:\\\/\\\/dancemosjuntos.org\\\/Home\\\/wp-content\\\/uploads\\\/2022\\\/12\\\/logo-FINAL.png\",\"contentUrl\":\"https:\\\/\\\/dancemosjuntos.org\\\/Home\\\/wp-content\\\/uploads\\\/2022\\\/12\\\/logo-FINAL.png\",\"width\":812,\"height\":490,\"caption\":\"APBC Red Dancemos Juntos\"},\"image\":{\"@id\":\"https:\\\/\\\/dancemosjuntos.org\\\/Home\\\/#\\\/schema\\\/logo\\\/image\\\/\"},\"sameAs\":[\"https:\\\/\\\/www.facebook.com\\\/APBC.RedDancemosJuntos\\\/\",\"https:\\\/\\\/www.instagram.com\\\/reddancemosjuntos\\\/\"]}]}<\/script>\n<!-- \/ Yoast SEO plugin. -->","yoast_head_json":{"title":"Idartes - Encuentro Nacional en Bogota - 2024 - APBC Red Dancemos Juntos","robots":{"index":"index","follow":"follow","max-snippet":"max-snippet:-1","max-image-preview":"max-image-preview:large","max-video-preview":"max-video-preview:-1"},"canonical":"https:\/\/dancemosjuntos.org\/Home\/idartes-encuentro-nacional-en-bogota-2024\/","og_locale":"es_ES","og_type":"article","og_title":"Idartes - Encuentro Nacional en Bogota - 2024 - APBC Red Dancemos Juntos","og_url":"https:\/\/dancemosjuntos.org\/Home\/idartes-encuentro-nacional-en-bogota-2024\/","og_site_name":"APBC Red Dancemos Juntos","article_publisher":"https:\/\/www.facebook.com\/APBC.RedDancemosJuntos\/","article_modified_time":"2025-11-14T20:37:36+00:00","og_image":[{"url":"https:\/\/dancemosjuntos.org\/Home\/wp-content\/uploads\/2024\/11\/encuetro-nacional-apbc-576x1024.jpeg","type":"","width":"","height":""}],"twitter_card":"summary_large_image","schema":{"@context":"https:\/\/schema.org","@graph":[{"@type":"WebPage","@id":"https:\/\/dancemosjuntos.org\/Home\/idartes-encuentro-nacional-en-bogota-2024\/","url":"https:\/\/dancemosjuntos.org\/Home\/idartes-encuentro-nacional-en-bogota-2024\/","name":"Idartes - Encuentro Nacional en Bogota - 2024 - APBC Red Dancemos Juntos","isPartOf":{"@id":"https:\/\/dancemosjuntos.org\/Home\/#website"},"primaryImageOfPage":{"@id":"https:\/\/dancemosjuntos.org\/Home\/idartes-encuentro-nacional-en-bogota-2024\/#primaryimage"},"image":{"@id":"https:\/\/dancemosjuntos.org\/Home\/idartes-encuentro-nacional-en-bogota-2024\/#primaryimage"},"thumbnailUrl":"https:\/\/dancemosjuntos.org\/Home\/wp-content\/uploads\/2024\/11\/encuetro-nacional-apbc-576x1024.jpeg","datePublished":"2024-11-02T00:57:58+00:00","dateModified":"2025-11-14T20:37:36+00:00","breadcrumb":{"@id":"https:\/\/dancemosjuntos.org\/Home\/idartes-encuentro-nacional-en-bogota-2024\/#breadcrumb"},"inLanguage":"es","potentialAction":[{"@type":"ReadAction","target":["https:\/\/dancemosjuntos.org\/Home\/idartes-encuentro-nacional-en-bogota-2024\/"]}]},{"@type":"ImageObject","inLanguage":"es","@id":"https:\/\/dancemosjuntos.org\/Home\/idartes-encuentro-nacional-en-bogota-2024\/#primaryimage","url":"https:\/\/dancemosjuntos.org\/Home\/wp-content\/uploads\/2024\/11\/encuetro-nacional-apbc.jpeg","contentUrl":"https:\/\/dancemosjuntos.org\/Home\/wp-content\/uploads\/2024\/11\/encuetro-nacional-apbc.jpeg","width":900,"height":1600},{"@type":"BreadcrumbList","@id":"https:\/\/dancemosjuntos.org\/Home\/idartes-encuentro-nacional-en-bogota-2024\/#breadcrumb","itemListElement":[{"@type":"ListItem","position":1,"name":"Portada","item":"https:\/\/dancemosjuntos.org\/Home\/"},{"@type":"ListItem","position":2,"name":"Idartes &#8211; Encuentro Nacional en Bogota &#8211; 2024"}]},{"@type":"WebSite","@id":"https:\/\/dancemosjuntos.org\/Home\/#website","url":"https:\/\/dancemosjuntos.org\/Home\/","name":"APBC Red Dancemos Juntos","description":"APBC","publisher":{"@id":"https:\/\/dancemosjuntos.org\/Home\/#organization"},"potentialAction":[{"@type":"SearchAction","target":{"@type":"EntryPoint","urlTemplate":"https:\/\/dancemosjuntos.org\/Home\/?s={search_term_string}"},"query-input":{"@type":"PropertyValueSpecification","valueRequired":true,"valueName":"search_term_string"}}],"inLanguage":"es"},{"@type":"Organization","@id":"https:\/\/dancemosjuntos.org\/Home\/#organization","name":"APBC Red Dancemos Juntos","url":"https:\/\/dancemosjuntos.org\/Home\/","logo":{"@type":"ImageObject","inLanguage":"es","@id":"https:\/\/dancemosjuntos.org\/Home\/#\/schema\/logo\/image\/","url":"https:\/\/dancemosjuntos.org\/Home\/wp-content\/uploads\/2022\/12\/logo-FINAL.png","contentUrl":"https:\/\/dancemosjuntos.org\/Home\/wp-content\/uploads\/2022\/12\/logo-FINAL.png","width":812,"height":490,"caption":"APBC Red Dancemos Juntos"},"image":{"@id":"https:\/\/dancemosjuntos.org\/Home\/#\/schema\/logo\/image\/"},"sameAs":["https:\/\/www.facebook.com\/APBC.RedDancemosJuntos\/","https:\/\/www.instagram.com\/reddancemosjuntos\/"]}]}},"_links":{"self":[{"href":"https:\/\/dancemosjuntos.org\/Home\/wp-json\/wp\/v2\/pages\/2814","targetHints":{"allow":["GET"]}}],"collection":[{"href":"https:\/\/dancemosjuntos.org\/Home\/wp-json\/wp\/v2\/pages"}],"about":[{"href":"https:\/\/dancemosjuntos.org\/Home\/wp-json\/wp\/v2\/types\/page"}],"author":[{"embeddable":true,"href":"https:\/\/dancemosjuntos.org\/Home\/wp-json\/wp\/v2\/users\/1"}],"replies":[{"embeddable":true,"href":"https:\/\/dancemosjuntos.org\/Home\/wp-json\/wp\/v2\/comments?post=2814"}],"version-history":[{"count":1,"href":"https:\/\/dancemosjuntos.org\/Home\/wp-json\/wp\/v2\/pages\/2814\/revisions"}],"predecessor-version":[{"id":5474,"href":"https:\/\/dancemosjuntos.org\/Home\/wp-json\/wp\/v2\/pages\/2814\/revisions\/5474"}],"wp:attachment":[{"href":"https:\/\/dancemosjuntos.org\/Home\/wp-json\/wp\/v2\/media?parent=2814"}],"curies":[{"name":"wp","href":"https:\/\/api.w.org\/{rel}","templated":true}]}}